{"id":745,"date":"2020-10-27T10:05:43","date_gmt":"2020-10-27T10:05:43","guid":{"rendered":"https:\/\/saforsalut.es\/politica-de-privacidad\/"},"modified":"2025-09-16T08:33:39","modified_gmt":"2025-09-16T08:33:39","slug":"politica-de-privacitat","status":"publish","type":"page","link":"https:\/\/saforsalut.es\/ca\/politica-de-privacitat\/","title":{"rendered":"Pol\u00edtica de privacitat"},"content":{"rendered":"\n<p><strong>1. \u00c0MBIT D&#8217;APLICACI\u00d3<\/strong>&nbsp;<\/p>\n\n\n\n<p>Mitjan\u00e7ant la seg\u00fcent pol\u00edtica de privacitat, aplicable als serveis prestats a trav\u00e9s del portal https:\/\/saforsalut.es\/ (d&#8217;ara en avant, \u201c<strong>la web\u201d<\/strong>), es dona compliment a les exig\u00e8ncies del REGLAMENT (UE) 2016\/679 DEL PARLAMENT EUROPEU I DEL CONSELL de 27 d&#8217;abril de 2016 relatiu a la protecci\u00f3 de les persones f\u00edsiques pel que fa al tractament de dades personals i a la lliure circulaci\u00f3 d&#8217;aquestes dades i pel qual es deroga la Directiva 95\/46\/CE (d&#8217;ara en avant \u201c<strong>RGPD\u201d<\/strong>) i la Llei org\u00e0nica 3\/2018, de 5 de desembre, de Protecci\u00f3 de Dades Personals i garantia dels drets digitals (d&#8217;ara en avant \u201c<strong>LOPDGDD\u201d).<\/strong>&nbsp;&nbsp;<\/p>\n\n\n\n<p><strong>2. CORRESPONSABLES DEL TRACTAMENT<\/strong>&nbsp;<\/p>\n\n\n\n<p>Els corresponsables del tractament de totes les dades que siguen gestionades mitjan\u00e7ant la Web, s\u00f3n:<\/p>\n\n\n\n<ol>\n<li><strong>Nom:<\/strong> UNIVERSITAT POLIT\u00c8CNICA DE VAL\u00c8NCIA (UPV)<\/li>\n<\/ol>\n\n\n\n<ul>\n<li><strong>CIF:<\/strong> Q-4618002-B<\/li>\n\n\n\n<li><strong>Domicili:<\/strong> Paranimf 1, 46730 Grau de Gandia (Val\u00e8ncia)<\/li>\n\n\n\n<li><strong>E-mail de contacte:<\/strong> iditransferencia@epsg.upv.es<\/li>\n\n\n\n<li><strong>E-mail de contacte per a exercici de drets RGPD:<\/strong> <a href=\"mailto:dpd@upv.es\">dpd@upv.es<\/a><\/li>\n<\/ul>\n\n\n\n<p>2. <strong>Nom:<\/strong> Fundaci\u00f3 per al Foment de la Investigaci\u00f3 Sanit\u00e0ria i Biom\u00e8dica de la Comunitat Valenciana (FISABIO)<\/p>\n\n\n\n<ul>\n<li><strong>CIF:<\/strong> Q-4618002-B<\/li>\n\n\n\n<li><strong>Domicili:<\/strong> Av. de Catalunya 21, 46020 Val\u00e8ncia<\/li>\n\n\n\n<li><strong>E-mail de contacte:<\/strong> innovacion_fisabio@gva.es<\/li>\n\n\n\n<li><strong>E-mail de contacte per a exercici de drets RGPD:<\/strong> fundacion@fisabio.es, <a href=\"mailto:dpd@gva.es\">dpd@gva.es<\/a><\/li>\n<\/ul>\n\n\n\n<p><strong>3.&nbsp;&nbsp;&nbsp;&nbsp; Nom:<\/strong> Federaci\u00f3 d&#8217;Associacions d&#8217;Empresaris de la Safor FAES<\/p>\n\n\n\n<ul>\n<li><strong>CIF:<\/strong> G96912944<\/li>\n\n\n\n<li><strong>Domicili:<\/strong> Carrer San Francisco de Borja, 56 46701 Gandia (Val\u00e8ncia)<\/li>\n\n\n\n<li><strong>E-mail de contacte:<\/strong> info@faesafor.com<\/li>\n\n\n\n<li><strong>E-mail de contacte per a exercici de drets RGPD:<\/strong> <a href=\"mailto:info@faesafor.com\">info@faesafor.com<\/a><\/li>\n<\/ul>\n\n\n\n<p>Aquestes entitats determinen de manera conjunta els objectius i els mitjans del tractament, per la qual cosa s\u00f3n considerades corresponsables del tractament de les dades personals de l&#8217;USUARI. D&#8217;ara endavant ens referirem de manera conjunta i indistinta a aquestes entitats com a Safor Salut.<\/p>\n\n\n\n<p><strong>3. AMB QUINA FINALITAT TRACTEM LES DADES PERSONALS I QUINES DADES TRACTEM<\/strong>&nbsp;<\/p>\n\n\n\n<p>La web \u00fanicament cont\u00e9 un formulari pel qual es tracten les teues dades personals:<\/p>\n\n\n\n<ul>\n<li><strong>Formularis d&#8217;idea\/repte:<\/strong>&nbsp;els Titulars sol\u00b7liciten dades personals entre els quals poden estar: Nom, cognoms, empresa\/instituci\u00f3, correu electr\u00f2nic, tel\u00e8fon, t\u00edtol del projecte, tipus de projecte, resum, avantatges i dades extres amb la finalitat de posar en contacte el personal investigador i t\u00e8cnic amb les empreses i personal interessat a realitzar i desenvolupar el projecte.<\/li>\n<\/ul>\n\n\n\n<p><strong>4. BASE DE LEGITIMACI\u00d3<\/strong>&nbsp;<\/p>\n\n\n\n<p>La base legal que legitima el tractament de les dades personals conforme la present pol\u00edtica de privacitat \u00e9s l&#8217;execuci\u00f3 d&#8217;un contracte segons el servei que se sol\u00b7licita en el formulari d&#8217;IDEA\/REPTE.<\/p>\n\n\n\n<p><strong>5. COMUNICACIONS A TERCERS<\/strong>&nbsp;<\/p>\n\n\n\n<p>No es preveuen comunicacions de dades, llevat que existisca obligaci\u00f3 legal de cessi\u00f3 de les dades a alguna autoritat competent. &nbsp;Referent a aquest aspecte, s&#8217;ha de tenir en compte que les dades que facilites en el formulari seran p\u00fabliques en la web, d\u2019acord amb la pr\u00f2pia finalitat del tractament del formulari IDEA\/REPTE.<\/p>\n\n\n\n<p><strong>6. TRANSFER\u00c8NCIES INTERNACIONALS<\/strong>&nbsp;<\/p>\n\n\n\n<p>No es preveuen transfer\u00e8ncies internacionals, les dades s\u00f3n tractades en servidors situats dins de l&#8217;Espai Econ\u00f2mic Europeu.&nbsp;<\/p>\n\n\n\n<p><strong>7. CONSERVACI\u00d3 DE LES DADES PERSONALS<\/strong>&nbsp;<\/p>\n\n\n\n<p>Les dades es conservaran durant el temps necessari per a complir amb les finalitats especificades en la present pol\u00edtica i, posteriorment i de forma bloquejada, per al compliment de les obligacions legals dels corresponsables del tractament.<\/p>\n\n\n\n<p><strong>8. SEGURETAT<\/strong>&nbsp;<\/p>\n\n\n\n<p>S&#8217;apliquen les mesures t\u00e8cniques i organitzatives apropiades per a garantir un nivell de seguretat adequat al risc de conformitat amb l&#8217;article 32 del RGPD i amb all\u00f2 que es disposa en el Reial decret 311\/2022, de 3 de maig, pel qual es regula l&#8217;Esquema Nacional de Seguretat. &nbsp;<\/p>\n\n\n\n<p><strong>9. EXERCICI DE DRETS<\/strong>&nbsp;<\/p>\n\n\n\n<p>Els usuaris poden, tant retirar el seu consentiment, com exercitar el seu dret d&#8217;acc\u00e9s, rectificaci\u00f3, supressi\u00f3, limitaci\u00f3 del tractament, portabilitat i oposici\u00f3 escrivint a qualsevol de les adreces de contacte dels Delegats de Protecci\u00f3 de Dades (DPD) que s&#8217;especifiquen en l&#8217;apartat 2 de la present pol\u00edtica.<\/p>\n\n\n\n<p><strong>10. RECLAMACI\u00d3 DAVANT L&#8217;AUTORITAT DE CONTROL<\/strong>&nbsp;<\/p>\n\n\n\n<p>Els usuaris tenen dret a presentar una reclamaci\u00f3 davant l&#8217;<strong>Ag\u00e8ncia Espanyola de Protecci\u00f3 de Dades<\/strong>, quan consideren que no s&#8217;ha at\u00e8s degudament l&#8217;exercici dels seus drets o quan el tractament de les seues dades infringeix el RGPD o la LOPDGDD, a trav\u00e9s la seua seu electr\u00f2nica mitjan\u00e7ant el seg\u00fcent enlla\u00e7: <a href=\"https:\/\/www.aepd.es\">https:\/\/www.aepd.es<\/a>.<\/p>\n\n\n\n<p><strong>11. MODIFICACI\u00d3 DE LA POL\u00cdTICA DE PRIVACITAT<\/strong>&nbsp;<\/p>\n\n\n\n<p>Safor Salut es reserva el dret a modificar la present pol\u00edtica de privacitat en qualsevol moment, per la qual cosa en recomanem la revisi\u00f3 peri\u00f2dica. Els canvis i aclariments entraran en vigor immediatament despr\u00e9s de la seua publicaci\u00f3 en la present web.&nbsp;&nbsp;<\/p>\n","protected":false},"excerpt":{"rendered":"<p>1. \u00c0MBIT D&#8217;APLICACI\u00d3&nbsp; Mitjan\u00e7ant la seg\u00fcent pol\u00edtica de privacitat, aplicable als serveis prestats a trav\u00e9s del portal https:\/\/saforsalut.es\/ (d&#8217;ara en avant, \u201cla web\u201d), es dona compliment a les exig\u00e8ncies del REGLAMENT (UE) 2016\/679 DEL PARLAMENT EUROPEU I DEL CONSELL de 27 d&#8217;abril de 2016 relatiu a la protecci\u00f3 de les&hellip;<\/p>\n","protected":false},"author":1,"featured_media":0,"parent":0,"menu_order":0,"comment_status":"closed","ping_status":"closed","template":"","meta":[],"_links":{"self":[{"href":"https:\/\/saforsalut.es\/ca\/wp-json\/wp\/v2\/pages\/745"}],"collection":[{"href":"https:\/\/saforsalut.es\/ca\/wp-json\/wp\/v2\/pages"}],"about":[{"href":"https:\/\/saforsalut.es\/ca\/wp-json\/wp\/v2\/types\/page"}],"author":[{"embeddable":true,"href":"https:\/\/saforsalut.es\/ca\/wp-json\/wp\/v2\/users\/1"}],"replies":[{"embeddable":true,"href":"https:\/\/saforsalut.es\/ca\/wp-json\/wp\/v2\/comments?post=745"}],"version-history":[{"count":3,"href":"https:\/\/saforsalut.es\/ca\/wp-json\/wp\/v2\/pages\/745\/revisions"}],"predecessor-version":[{"id":5430,"href":"https:\/\/saforsalut.es\/ca\/wp-json\/wp\/v2\/pages\/745\/revisions\/5430"}],"wp:attachment":[{"href":"https:\/\/saforsalut.es\/ca\/wp-json\/wp\/v2\/media?parent=745"}],"curies":[{"name":"wp","href":"https:\/\/api.w.org\/{rel}","templated":true}]}}