{"id":5445,"date":"2020-10-19T07:44:21","date_gmt":"2020-10-19T07:44:21","guid":{"rendered":"https:\/\/saforsalut.es\/politica-de-cookies\/"},"modified":"2025-11-05T11:16:53","modified_gmt":"2025-11-05T11:16:53","slug":"politica-de-cookies","status":"publish","type":"page","link":"https:\/\/saforsalut.es\/ca\/politica-de-cookies\/","title":{"rendered":"Pol\u00edtica de cookies"},"content":{"rendered":"\n<h3><a>Qu\u00e8 s\u00f3n les cookies i com funcionen?<\/a><\/h3>\n\n\n\n<p>Una cookie o galeta \u00e9s un fragment xicotet de dades (arxius de text) que un lloc web, quan \u00e9s visitat per un usuari, li pregunta al seu navegador per a emmagatzemar-se en el seu dispositiu i aix\u00ed assegurar que la p\u00e0gina funciones correctament i recordar informaci\u00f3 sobre vost\u00e8, com per exemple, la prefer\u00e8ncia d&#8217;idioma, la seua informaci\u00f3 per a iniciar sessi\u00f3, con\u00e8ixer la seua experi\u00e8ncia de navegaci\u00f3 i recopilar informaci\u00f3 estad\u00edstica an\u00f2nima (les p\u00e0gines que ha visitat o quant temps ha rom\u00e0s en el lloc web).<\/p>\n\n\n\n<p>Usem cookies establides per nosaltres que es diuen cookies de primera part, i cookies de terceres parts (que s\u00f3n cookies d&#8217;un domini diferent del domini del lloc web que est\u00e0 visitant). Les cookies s&#8217;usen amb finalitats de funcionalitat de la web i per als nostres estudis d&#8217;an\u00e0lisis. \u00c9s possible que les cookies arrepleguen dades personals dels usuaris, com l&#8217;adre\u00e7a IP del seu equip o un identificador d&#8217;usuari\/visitant. Per a con\u00e8ixer m\u00e9s sobre el tractament que realitzem sobre aquestes dades, consulte la nostra <a href=\"https:\/\/saforsalut.es\/ca\/politica-de-privacitat\/\" data-type=\"page\" data-id=\"745\">Pol\u00edtica de Privacitat<\/a>.<\/p>\n\n\n\n<p>Els usos concrets que fem d&#8217;aquestes tecnologies es descriuen a continuaci\u00f3.<\/p>\n\n\n\n<h3><a>Tipologia i funcionalitat de les cookies<\/a><\/h3>\n\n\n\n<p>Les\u202f<strong>Cookies<\/strong>, en funci\u00f3 de la seua perman\u00e8ncia, poden dividir-se en\u202f<strong>cookies de sessi\u00f3<\/strong>\u202fo\u202f<strong>permanents<\/strong>. Les primeres expiren quan l&#8217;usuari tanca el navegador. Les segones expiren quan es compleix l&#8217;objectiu per al qual serveixen (per exemple, perqu\u00e8 l&#8217;usuari es mantinga identificat en el lloc web) o b\u00e9 quan s&#8217;esborren manualment.<\/p>\n\n\n\n<p>Addicionalment,\u202f<strong>en funci\u00f3 del seu objectiu<\/strong>, les\u202f<strong>Cookies<\/strong>\u202fpoden classificar-se de la manera seg\u00fcent:&nbsp;<\/p>\n\n\n\n<ul>\n<li><strong>Estrictament necess\u00e0ries (t\u00e8cniques)<\/strong>: S\u00f3n aquelles imprescindibles per al correcte funcionament de la p\u00e0gina. Normalment es generen quan l&#8217;usuari accedeix al lloc web o hi inicia sessi\u00f3 i s&#8217;utilitzen per a identificar-lo en el lloc web amb els seg\u00fcents objectius:&nbsp;<ul><li>Mantenir l&#8217;usuari identificat de manera que, si abandona el lloc web, el navegador o el dispositiu i en un altre moment torna a accedir a aquest lloc web, seguir\u00e0 identificat, facilitant aix\u00ed la seua navegaci\u00f3 sense haver de tornar a identificar-se.&nbsp;<\/li><\/ul>\n<ul>\n<li>Comprovar si l&#8217;usuari est\u00e0 autoritzat per a accedir a uns determinats serveis o zones del lloc web.&nbsp;<\/li>\n<\/ul>\n<\/li>\n\n\n\n<li><strong><strong>De rendiment<\/strong>: <\/strong>S&#8217;utilitzen per a millorar l&#8217;experi\u00e8ncia de navegaci\u00f3 i optimitzar el funcionament del lloc web, com, per exemple, emmagatzemar les configuracions de serveis, o emmagatzemar la compra realitzada en un carret de la compra.&nbsp;<\/li>\n\n\n\n<li><strong><strong>De publicitat<\/strong>: <\/strong>S\u00f3n aquelles que recapten informaci\u00f3 sobre els anuncis mostrats als usuaris del lloc web. Poden ser de dos tipus:&nbsp;<\/li>\n\n\n\n<li><strong><strong>An\u00f2nimes:<\/strong> <\/strong>Nom\u00e9s recopilen informaci\u00f3 sobre els espais publicitaris mostrats en el lloc web, amb independ\u00e8ncia de l&#8217;usuari que accedeix al lloc web, \u00e9s a dir, sense identificar-lo expressament.&nbsp;<\/li>\n\n\n\n<li><strong><strong>Personalitzades:<\/strong> <\/strong>Recopilen informaci\u00f3 personal de l&#8217;usuari del lloc web per part d&#8217;un tercer, per a la personalitzaci\u00f3 d&#8217;aquests espais publicitaris.&nbsp;<\/li>\n\n\n\n<li><strong><strong>De geolocalitzaci\u00f3<\/strong>: <\/strong>Aquestes Cookies s&#8217;utilitzen per a esbrinar en quin pa\u00eds o regi\u00f3 es troba l&#8217;usuari quan accedeix a un servei del lloc web amb la finalitat d&#8217;oferir-li continguts o serveis adequats a la seua localitzaci\u00f3.&nbsp;<\/li>\n\n\n\n<li><strong><strong>Anal\u00edtiques<\/strong>: <\/strong>Recopilen informaci\u00f3 sobre l&#8217;experi\u00e8ncia de navegaci\u00f3 de l&#8217;usuari en el lloc web, normalment de manera an\u00f2nima, encara que a vegades tamb\u00e9 permeten identificar de manera \u00fanica i inequ\u00edvoca a l&#8217;usuari amb la finalitat d&#8217;obtenir informes sobre els interessos dels usuaris en els serveis que ofereix el lloc web.&nbsp;<\/li>\n<\/ul>\n\n\n\n<h3><a><a>Cookies utilitzades en aquest lloc web<\/a><\/a><\/h3>\n\n\n\n<p>A continuaci\u00f3, es mostra una taula amb les\u202f<strong>Cookies<\/strong>\u202futilitzades en aquest lloc web, incorporant un criteri de &#8220;nivell d\u2019intrusi\u00f3 &#8221; basat en una escala de l&#8217;1 al 3, en la qual:&nbsp;<\/p>\n\n\n\n<p><strong>Nivell 1<\/strong>: es correspon amb\u202f<strong>Cookies estrictament necess\u00e0ries<\/strong>\u202fper a la prestaci\u00f3 del servei sol\u00b7licitat per l&#8217;usuari.&nbsp;<\/p>\n\n\n\n<p><strong>Nivell 2<\/strong>: es correspon amb\u202f<strong>Cookies de rendiment<\/strong>\u202f(an\u00f2nimes) necess\u00e0ries per al manteniment de continguts i navegaci\u00f3, de les quals nom\u00e9s \u00e9s necessari informar sobre la seua exist\u00e8ncia.<\/p>\n\n\n\n<p><strong><strong>Nivell 3<\/strong>: es correspon amb\u202f<strong>Cookies gestionades per tercers<\/strong>\u202fque permeten el seguiment de l&#8217;usuari a trav\u00e9s de webs de les quals\u202f<strong>l&#8217;UPV <\/strong>no \u00e9s titular. Normalment es corresponen amb\u202f<strong>Cookies de publicitat\u202fo d&#8217;anal\u00edtiques<\/strong> on s&#8217;identifica a l&#8217;usuari de manera \u00fanica i evident.\u00a0<\/strong><\/p>\n\n\n\n<figure class=\"wp-block-table\"><table><thead><tr><th><strong>Nom de la cookie<\/strong><\/th><th><strong>Duraci\u00f3<\/strong><\/th><th><strong>Tipus<\/strong><\/th><th><strong>Titular<\/strong><\/th><th><strong>Finalitat<\/strong><\/th><th><strong>Intrusivitat<\/strong><\/th><\/tr><\/thead><tbody><tr><td><strong>VISITOR_INFO1_LIVE<\/strong><\/td><td>6 mesos<\/td><td>De tercers<\/td><td>YouTube (Google LLC)<\/td><td>Intenta estimar l\u2019ampl\u00e0ria de banda de l\u2019usuari en p\u00e0gines amb v\u00eddeos de YouTube integrats.<\/td><td>Mitjana<\/td><\/tr><tr><td><strong>VISITOR_PRIVACY_METADATA<\/strong><\/td><td>6 mesos<\/td><td>De tercers<\/td><td>YouTube (Google LLC)<\/td><td>Emmagatzema l\u2019estat del consentiment de l\u2019usuari respecte a les cookies de YouTube.<\/td><td>Mitjana<\/td><\/tr><tr><td><strong>YSC<\/strong><\/td><td>De sessi\u00f3<\/td><td>De tercers<\/td><td>YouTube (Google LLC)<\/td><td>Registra un identificador \u00fanic per a mantindre estad\u00edstiques sobre quins v\u00eddeos de YouTube ha vist l\u2019usuari.<\/td><td>Mitjana<\/td><\/tr><tr><td><strong>__Secure-ROLLOUT_TOKEN<\/strong><\/td><td>6 mesos<\/td><td>De tercers<\/td><td>YouTube (Google LLC)<\/td><td>S\u2019utilitza per a identificar l\u2019usuari i garantir la funcionalitat del reproductor de v\u00eddeos.<\/td><td>Mitjana<\/td><\/tr><tr><td><strong>real_cookie_banner-v:3_blog:1_path:f069024-lang:ca<\/strong><\/td><td>1 any<\/td><td>Pr\u00f2pia<\/td><td>saforsalut.es<\/td><td>Guarda les prefer\u00e8ncies de consentiment de cookies seleccionades per l\u2019usuari en el b\u00e0ner.<\/td><td>Baixa<\/td><\/tr><\/tbody><\/table><\/figure>\n\n\n\n<h3><a><a>Transfer\u00e8ncia internacional de dades<\/a><\/a><\/h3>\n\n\n\n<p>Aquesta p\u00e0gina web utilitza Google Analytics, per la qual cosa les teues dades poden ser transferits fora de l&#8217;Espai Econ\u00f2mic Europeu. Podr\u00e0s trobar informaci\u00f3 ampliada sobre aquest tema en <a href=\"https:\/\/policies.google.com\/privacy?hl=es\">https:\/\/policies.google.com\/privacy?hl=es<\/a>.<\/p>\n\n\n\n<h3><a><a>Com deshabilitar l&#8217;\u00fas de les cookies<\/a><\/a><\/h3>\n\n\n\n<p>Si l&#8217;usuari aix\u00ed ho desitja, \u00e9s possible deixar d&#8217;acceptar les\u202f<strong>Cookies<\/strong>\u202fdel navegador, o deixar d&#8217;acceptar les\u202f<strong>Cookies<\/strong>\u202fd&#8217;un servei en particular.&nbsp;<\/p>\n\n\n\n<p>Tots els navegadors moderns permeten canviar la configuraci\u00f3 de Cookies. Aquests ajustos normalment es troben en les \u201cOpcions\u201d o \u201cPrefer\u00e8ncies\u201d del men\u00fa del navegador. L&#8217;usuari podr\u00e0, en qualsevol moment, deshabilitar l&#8217;\u00fas de Cookies en aquest lloc web mitjan\u00e7ant:<\/p>\n\n\n\n<ol type=\"a\">\n<li>La configuraci\u00f3 del navegador\u202f, per exemple:&nbsp;<\/li>\n\n\n\n<li><strong>Google Chrome<\/strong>:\u202f<a href=\"http:\/\/support.google.com\/chrome\/bin\/answer.py?hl=es&amp;answer=95647\" target=\"_blank\" rel=\"noreferrer noopener\">http:\/\/support.google.com\/chrome\/bin\/answer.py?hl=es&amp;answer=95647<\/a>&nbsp;<\/li>\n\n\n\n<li><strong>Internet Explorer<\/strong> :\u202f<a href=\"http:\/\/windows.microsoft.com\/es-es\/windows7\/how-to-manage-cookies-in-internet-explorer-9\" target=\"_blank\" rel=\"noreferrer noopener\">http:\/\/windows.microsoft.com\/es-es\/windows7\/how-to-manage-cookies-in-internet-explorer-9<\/a>&nbsp;<\/li>\n\n\n\n<li><strong>Mozilla Firefox<\/strong>:\u202f<a href=\"http:\/\/support.mozilla.org\/es\/kb\/habilitar-y-deshabilitar-cookies-que-los-sitios-we\" target=\"_blank\" rel=\"noreferrer noopener\">http:\/\/support.mozilla.org\/es\/kb\/habilitar-y-deshabilitar-cookies-que-los-sitios-we<\/a>&nbsp;<\/li>\n\n\n\n<li><strong>Apple Safari<\/strong>:\u202f<a rel=\"noreferrer noopener\" href=\"http:\/\/support.apple.com\/kb\/ph5042\" target=\"_blank\">http:\/\/support.apple.com\/kb\/ph5042<\/a>&nbsp;<\/li>\n<\/ol>\n\n\n\n<ul>\n<li>Altres\u202f<strong>eines de tercers<\/strong>, disponibles en l\u00ednia, que permeten als usuaris detectar les\u202fCookies\u202fen cada lloc web que visita i gestionar-ne la desactivaci\u00f3 (per exemple, Ghostery:\u202f<a rel=\"noreferrer noopener\" href=\"http:\/\/www.ghostery.com\/privacy-statement\" target=\"_blank\">http:\/\/www.ghostery.com\/privacy-statement<\/a>).&nbsp;<\/li>\n<\/ul>\n\n\n\n<h3><a><a>Qu\u00e8 ocorre si deshabilita les cookies<\/a><\/a><\/h3>\n\n\n\n<p>Algunes funcionalitats i serveis poden quedar deshabilitats o tenir un comportament diferent de l&#8217;esperat com, per exemple, romandre identificat, mantenir les compres en el \u201ccarret de la compra\u201d en un servei de comer\u00e7 electr\u00f2nic o rebre informaci\u00f3 dirigida a la seua localitzaci\u00f3, entre altres.&nbsp;<\/p>\n\n\n\n<p>Si deshabilita l&#8217;\u00fas de\u202f<strong>Cookies<\/strong>\u202fen aquest lloc web \u00e9s probable que deixe de poder accedir a unes certes zones d\u2019aquest o que es degrade notablement l&#8217;experi\u00e8ncia de navegaci\u00f3 en el lloc web.&nbsp;<\/p>\n\n\n\n<h2><a><a>Actualitzaci\u00f3 de la pol\u00edtica de cookies<\/a><\/a><\/h2>\n\n\n\n<p>La UPV pot modificar aquesta\u202fPol\u00edtica de Cookies\u202fen funci\u00f3 de les exig\u00e8ncies legislatives, reglament\u00e0ries, o amb la finalitat d&#8217;adaptar aquesta pol\u00edtica a les instruccions dictades per l&#8217;Ag\u00e8ncia Espanyola de Protecci\u00f3 de Dades, per aix\u00f2 s&#8217;aconsella als usuaris que la visiten peri\u00f2dicament.&nbsp;<\/p>\n\n\n\n<p>Quan es produ\u00efsquen canvis significatius en aquesta\u202fPol\u00edtica de cookies, l&#8217;entitat procedir\u00e0 a reflectir-los en la web.&nbsp;<\/p>\n","protected":false},"excerpt":{"rendered":"<p>Qu\u00e8 s\u00f3n les cookies i com funcionen? Una cookie o galeta \u00e9s un fragment xicotet de dades (arxius de text) que un lloc web, quan \u00e9s visitat per un usuari, li pregunta al seu navegador per a emmagatzemar-se en el seu dispositiu i aix\u00ed assegurar que la p\u00e0gina funciones correctament&hellip;<\/p>\n","protected":false},"author":1,"featured_media":0,"parent":0,"menu_order":0,"comment_status":"closed","ping_status":"closed","template":"","meta":[],"_links":{"self":[{"href":"https:\/\/saforsalut.es\/ca\/wp-json\/wp\/v2\/pages\/5445"}],"collection":[{"href":"https:\/\/saforsalut.es\/ca\/wp-json\/wp\/v2\/pages"}],"about":[{"href":"https:\/\/saforsalut.es\/ca\/wp-json\/wp\/v2\/types\/page"}],"author":[{"embeddable":true,"href":"https:\/\/saforsalut.es\/ca\/wp-json\/wp\/v2\/users\/1"}],"replies":[{"embeddable":true,"href":"https:\/\/saforsalut.es\/ca\/wp-json\/wp\/v2\/comments?post=5445"}],"version-history":[{"count":3,"href":"https:\/\/saforsalut.es\/ca\/wp-json\/wp\/v2\/pages\/5445\/revisions"}],"predecessor-version":[{"id":5457,"href":"https:\/\/saforsalut.es\/ca\/wp-json\/wp\/v2\/pages\/5445\/revisions\/5457"}],"wp:attachment":[{"href":"https:\/\/saforsalut.es\/ca\/wp-json\/wp\/v2\/media?parent=5445"}],"curies":[{"name":"wp","href":"https:\/\/api.w.org\/{rel}","templated":true}]}}