{"id":2691,"date":"2022-09-20T13:00:08","date_gmt":"2022-09-20T13:00:08","guid":{"rendered":"https:\/\/saforsalut.es\/?page_id=2691"},"modified":"2025-09-16T08:37:34","modified_gmt":"2025-09-16T08:37:34","slug":"avis-legal","status":"publish","type":"page","link":"https:\/\/saforsalut.es\/ca\/avis-legal\/","title":{"rendered":"Av\u00eds legal"},"content":{"rendered":"\n<p><strong>Identificaci\u00f3 del titular del lloc web<\/strong><\/p>\n\n\n\n<ol>\n<li><strong>Nom:<\/strong> UNIVERSITAT POLIT\u00c8CNICA DE VAL\u00c8NCIA (UPV)<\/li>\n<\/ol>\n\n\n\n<ul>\n<li><strong>CIF:<\/strong> Q-4618002-B<\/li>\n\n\n\n<li><strong>Domicili:<\/strong> Paranimf 1, 46730 Grau de Gandia (Val\u00e8ncia)<\/li>\n\n\n\n<li><strong>E-mail de contacte:<\/strong> <a href=\"mailto:iditransferencia@epsg.upv.es\">iditransferencia@epsg.upv.es<\/a><\/li>\n\n\n\n<li><strong>Tel\u00e8fon de contacte:<\/strong> 962849409<\/li>\n\n\n\n<li><strong>Dades registrals: <\/strong>creada amb rang d&#8217;universitat en virtut del Decret 495\/1971, d&#8217;11 de mar\u00e7 (BOE de 26 de mar\u00e7 de 1971)<\/li>\n<\/ul>\n\n\n\n<p>2. <strong>Nom:<\/strong> Fundaci\u00f3 per al Foment de la Investigaci\u00f3 Sanit\u00e0ria i Biom\u00e8dica de la Comunitat Valenciana (FISABIO)<\/p>\n\n\n\n<ul>\n<li><strong>CIF:<\/strong> Q-4618002-B<\/li>\n\n\n\n<li><strong>Domicili:<\/strong> Av. de Catalunya 21, 46020 Val\u00e8ncia<\/li>\n\n\n\n<li><strong>E-mail de contacte:<\/strong> innovacion_fisabio@gva.es<\/li>\n\n\n\n<li><strong>Tel\u00e8fon de contacte:<\/strong> 961 925 700<\/li>\n\n\n\n<li><strong>Dades registrals:<\/strong> Inscrita en el Registre de Fundacions de la Generalitat Valenciana amb el n\u00famero 501-V.<\/li>\n<\/ul>\n\n\n\n<p>3. <strong>Nom:<\/strong> Federaci\u00f3 d&#8217;Associacions d&#8217;Empresaris de la Safor (FAES)<\/p>\n\n\n\n<ul>\n<li><strong>CIF:<\/strong> G96912944<\/li>\n\n\n\n<li><strong>Domicili:<\/strong> Carrer San Francesc de Borja, 56 46701 Gandia (Val\u00e8ncia)<\/li>\n\n\n\n<li><strong>E-mail de contacte:<\/strong> <a href=\"mailto:info@faesafor.com\">info@faesafor.com<\/a><\/li>\n\n\n\n<li><strong>Tel\u00e8fon de contacte:<\/strong> 962 871 500<\/li>\n\n\n\n<li><strong>Dades registrals: <\/strong>DEOSE 46000211<\/li>\n<\/ul>\n\n\n\n<p>D&#8217;ara endavant, totes aquestes entitats seran referides de manera conjunta i indistinta com Safor Salut.<\/p>\n\n\n\n<p><strong>Condicions d&#8217;\u00fas del lloc web<\/strong><\/p>\n\n\n\n<p>L&#8217;acc\u00e9s i \u00fas d&#8217;aquest lloc web implica l&#8217;acceptaci\u00f3 de les seg\u00fcents condicions:<\/p>\n\n\n\n<ul>\n<li>L&#8217;usuari es compromet a utilitzar el lloc web de conformitat amb la llei, la moral i els bons costums.<\/li>\n\n\n\n<li>El titular del lloc web no es responsabilitza dels danys i perjudicis derivats de l&#8217;\u00fas indegut del lloc web.<\/li>\n\n\n\n<li>El contingut del lloc web \u00e9s propietat del titular i est\u00e0 protegit per drets de propietat intel\u00b7lectual i industrial.<\/li>\n<\/ul>\n\n\n\n<p><strong>Propietat intel\u00b7lectual i industrial<\/strong><\/p>\n\n\n\n<p>Safor Salut \u00e9s titular de tots els drets de propietat intel\u00b7lectual i industrial de la seua p\u00e0gina web, aix\u00ed com dels elements que hi cont\u00e9 (a t\u00edtol enunciatiu, per\u00f2 no limitatiu, imatges, so, \u00e0udio, v\u00eddeo, programari o textos; marques o logotips, combinacions de colors, estructura i disseny, selecci\u00f3 de materials usats, programes d&#8217;ordinador necessaris per al seu funcionament, acc\u00e9s i \u00fas, etc.), titularitat de Safor Salut.<\/p>\n\n\n\n<p><strong>Protecci\u00f3 de dades personals<\/strong><\/p>\n\n\n\n<p>Safor Salut compleix amb les directrius del Reglament (UE) 2016\/679 del Parlament Europeu i del Consell de 27 d&#8217;abril de 2016 relatiu a la protecci\u00f3 de les persones f\u00edsiques pel que fa al tractament de dades personals i a la lliure circulaci\u00f3 d&#8217;aquestes dades (RGPD), i la Llei org\u00e0nica 3\/2018, de 5 de desembre, de Protecci\u00f3 de Dades Personals i garantia dels drets digitals (LOPDGDD), i vetla per garantir un correcte \u00fas i tractament de les dades personals de l&#8217;USUARI . Per a m\u00e9s informaci\u00f3, consulta la nostra <a href=\"https:\/\/saforsalut.es\/ca\/politica-de-privacitat\/\" data-type=\"page\" data-id=\"745\">Pol\u00edtica de Privacitat<\/a>.<\/p>\n\n\n\n<p><strong>\u00das de cookies<\/strong><\/p>\n\n\n\n<p>Aquest lloc web utilitza <em>cookies<\/em> pr\u00f2pies i de tercers amb finalitats t\u00e8cniques, d&#8217;an\u00e0lisis i personalitzaci\u00f3. Pots acceptar totes les <em>cookies<\/em>, rebutjar-les o configurar les teues prefer\u00e8ncies. Per a m\u00e9s informaci\u00f3, consulta la nostra <a href=\"https:\/\/saforsalut.es\/politica-de-cookies\" data-type=\"URL\" data-id=\"https:\/\/saforsalut.es\/politica-de-cookies\">Pol\u00edtica de <em>Cookies<\/em><\/a>.<\/p>\n\n\n\n<p><strong>Links<\/strong><\/p>\n\n\n\n<p>Aquest lloc web podr\u00e0 incloure enlla\u00e7os a altres p\u00e0gines web o recursos gestionats per terceres parts que no siguen Safor Salut, inclosos anunciants. Safor Salut no ha revisat totes les p\u00e0gines web vinculades a aquesta p\u00e0gina web i no es fa responsable del contingut o veracitat d&#8217;aquestes p\u00e0gines web externes ni tampoc de la seua disponibilitat&nbsp; o la dels &nbsp;recursos externs; i no aprova ni es responsabilitza, de manera directa o indirecta, de les pr\u00e0ctiques de privacitat o del contingut d&#8217;aquestes p\u00e0gines web, incloent (sense restriccions) qualsevol publicitat, producte o altres materials o serveis de la p\u00e0gina web o disponibles en aquestes p\u00e0gines web o recursos, ni per danys, p\u00e8rdues o infraccions causats, o presumptament causats, per l&#8217;\u00fas, o en relaci\u00f3 amb l&#8217;\u00fas o dependents d&#8217;aquest contingut, b\u00e9ns o serveis disponibles en aquestes p\u00e0gines web o recursos externs.<\/p>\n\n\n\n<p><strong>Limitaci\u00f3 de responsabilitat<\/strong><\/p>\n\n\n\n<p>El titular del lloc web no es responsabilitza dels danys i perjudicis derivats de l&#8217;\u00fas del lloc web, incloent errors o omissions en els continguts, falta de disponibilitat del lloc web, o transmissi\u00f3 de virus o programes maliciosos.<\/p>\n\n\n\n<p><strong>Llei aplicable i Jurisdicci\u00f3<\/strong><\/p>\n\n\n\n<p>El present Av\u00eds Legal es regeix per la legislaci\u00f3 espanyola. Llevat que la Llei que resulte aplicable dispose obligat\u00f2riament una altra cosa, les parts acorden sotmetre&#8217;s als Jutjats i Tribunals de Val\u00e8ncia amb ren\u00fancia expressa de les parts a qualsevol altre fur.<\/p>\n\n\n\n<hr class=\"wp-block-separator has-alpha-channel-opacity\"\/>\n","protected":false},"excerpt":{"rendered":"<p>Identificaci\u00f3 del titular del lloc web 2. Nom: Fundaci\u00f3 per al Foment de la Investigaci\u00f3 Sanit\u00e0ria i Biom\u00e8dica de la Comunitat Valenciana (FISABIO) 3. Nom: Federaci\u00f3 d&#8217;Associacions d&#8217;Empresaris de la Safor (FAES) D&#8217;ara endavant, totes aquestes entitats seran referides de manera conjunta i indistinta com Safor Salut. Condicions d&#8217;\u00fas del&hellip;<\/p>\n","protected":false},"author":1,"featured_media":0,"parent":0,"menu_order":0,"comment_status":"closed","ping_status":"closed","template":"","meta":[],"_links":{"self":[{"href":"https:\/\/saforsalut.es\/ca\/wp-json\/wp\/v2\/pages\/2691"}],"collection":[{"href":"https:\/\/saforsalut.es\/ca\/wp-json\/wp\/v2\/pages"}],"about":[{"href":"https:\/\/saforsalut.es\/ca\/wp-json\/wp\/v2\/types\/page"}],"author":[{"embeddable":true,"href":"https:\/\/saforsalut.es\/ca\/wp-json\/wp\/v2\/users\/1"}],"replies":[{"embeddable":true,"href":"https:\/\/saforsalut.es\/ca\/wp-json\/wp\/v2\/comments?post=2691"}],"version-history":[{"count":3,"href":"https:\/\/saforsalut.es\/ca\/wp-json\/wp\/v2\/pages\/2691\/revisions"}],"predecessor-version":[{"id":5433,"href":"https:\/\/saforsalut.es\/ca\/wp-json\/wp\/v2\/pages\/2691\/revisions\/5433"}],"wp:attachment":[{"href":"https:\/\/saforsalut.es\/ca\/wp-json\/wp\/v2\/media?parent=2691"}],"curies":[{"name":"wp","href":"https:\/\/api.w.org\/{rel}","templated":true}]}}